{"id":1113,"date":"2024-10-19T11:13:34","date_gmt":"2024-10-19T09:13:34","guid":{"rendered":"https:\/\/lexlegal.agency\/?page_id=1113"},"modified":"2024-10-19T11:16:26","modified_gmt":"2024-10-19T09:16:26","slug":"rodo","status":"publish","type":"page","link":"https:\/\/lexlegal.agency\/ru\/rodo\/","title":{"rendered":"RODO"},"content":{"rendered":"\t\t<div data-elementor-type=\"wp-page\" data-elementor-id=\"1113\" class=\"elementor elementor-1113\" data-elementor-post-type=\"page\">\n\t\t\t\t<div class=\"elementor-element elementor-element-3fd68e7 e-flex e-con-boxed e-con e-parent\" data-id=\"3fd68e7\" data-element_type=\"container\" data-settings=\"{&quot;jet_parallax_layout_list&quot;:[]}\">\n\t\t\t\t\t<div class=\"e-con-inner\">\n\t\t<div class=\"elementor-element elementor-element-7bd2b59 e-con-full e-flex e-con e-child\" data-id=\"7bd2b59\" data-element_type=\"container\" data-settings=\"{&quot;jet_parallax_layout_list&quot;:[]}\">\n\t\t<div class=\"elementor-element elementor-element-03f5a68 e-con-full e-flex e-con e-child\" data-id=\"03f5a68\" data-element_type=\"container\" data-settings=\"{&quot;background_background&quot;:&quot;classic&quot;,&quot;jet_parallax_layout_list&quot;:[]}\">\n\t\t\t\t<div class=\"elementor-element elementor-element-da32134 elementor-widget elementor-widget-jet-breadcrumbs\" data-id=\"da32134\" data-element_type=\"widget\" data-widget_type=\"jet-breadcrumbs.default\">\n\t\t\t\t<div class=\"elementor-widget-container\">\n\t\t\t\t\t<div class=\"elementor-jet-breadcrumbs jet-blocks\">\n\t\t<div class=\"jet-breadcrumbs\">\n\t\t<div class=\"jet-breadcrumbs__content\">\n\t\t<div class=\"jet-breadcrumbs__wrap\"><div class=\"jet-breadcrumbs__item\"><a href=\"https:\/\/lexlegal.agency\/ru\/\" class=\"jet-breadcrumbs__item-link is-home\" rel=\"home\" title=\"\u0413\u043b\u044f\u0432\u043d\u0430\u044f\">\u0413\u043b\u044f\u0432\u043d\u0430\u044f<\/a><\/div>\n\t\t<\/div>\n\t\t<\/div>\n\t\t<\/div><\/div>\t\t\t\t<\/div>\n\t\t\t\t<\/div>\n\t\t\t\t<div class=\"elementor-element elementor-element-2b039fe elementor-widget elementor-widget-heading\" data-id=\"2b039fe\" data-element_type=\"widget\" data-widget_type=\"heading.default\">\n\t\t\t\t<div class=\"elementor-widget-container\">\n\t\t\t\t\t<h1 class=\"elementor-heading-title elementor-size-default\">RODO<\/h1>\t\t\t\t<\/div>\n\t\t\t\t<\/div>\n\t\t\t\t<div class=\"elementor-element elementor-element-38b4319 elementor-widget elementor-widget-text-editor\" data-id=\"38b4319\" data-element_type=\"widget\" data-widget_type=\"text-editor.default\">\n\t\t\t\t<div class=\"elementor-widget-container\">\n\t\t\t\t\t\t\t\t\t<p>Szanowni Pa\u0144stwo,<\/p><p>Wysy\u0142aj\u0105c \u00a0dokumenty do wyceny lub t\u0142umaczenia wyra\u017caj\u0105 Pa\u0144stwo tym samym dobrowoln\u0105 zgod\u0119 na przetwarzanie danych zawartych w tej korespondencji przez firm\u0119 Leicht Group. Dane te b\u0119d\u0105 przetwarzane w celu dokonania wyceny us\u0142ug oraz wykonania t\u0142umaczenia, a tak\u017ce archiwizowane na potrzeby wynikaj\u0105ce z przepis\u00f3w prawno-skarbowych. Podstaw\u0105 przetwarzania danych w przypadku wyceny t\u0142umaczenia \u00a0jest udzielona przez Pa\u0144stwa zgoda (art. 6 ust. 1 lit. a. og\u00f3lnego rozporz\u0105dzenia o ochronie danych osobowych tzw. RODO), a w przypadku zlecenia t\u0142umaczenia podstaw\u0105 przetwarzania danych b\u0119dzie art. 6 ust. 1 lit. b RODO. Je\u017celi nie wyra\u017caj\u0105 Pa\u0144stwo zgody na przetwarzanie danych prosimy o anulowanie zlecenia i wys\u0142anie nam odpowiedniej informacji na adres <a href=\"mailto:leicht.group@gmail.com\">leicht.group@gmail.com <\/a>lub <a href=\"mailto:lex.legal.agency@gmail.com\">lex.legal.agency@gmail.com <\/a>z tytu\u0142em: RODO \u00a0brak zgody.<\/p><p>Administratorem Pa\u0144stwa danych osobowych jest Vitaliy Leikht prowadz\u0105cy jednoosobow\u0105 dzia\u0142alno\u015b\u0107 gospodarcz\u0105 pod firm\u0105 Leicht Group z siedzib\u0105 we Wroc\u0142awiu.<\/p>\t\t\t\t\t\t\t\t<\/div>\n\t\t\t\t<\/div>\n\t\t\t\t<\/div>\n\t\t\t\t<\/div>\n\t\t<div class=\"elementor-element elementor-element-195b8a1 e-con-full e-flex e-con e-child\" data-id=\"195b8a1\" data-element_type=\"container\" data-settings=\"{&quot;jet_parallax_layout_list&quot;:[]}\">\n\t\t<div class=\"elementor-element elementor-element-da106ff e-con-full e-flex e-con e-child\" data-id=\"da106ff\" data-element_type=\"container\" data-settings=\"{&quot;background_background&quot;:&quot;classic&quot;,&quot;jet_parallax_layout_list&quot;:[],&quot;sticky&quot;:&quot;top&quot;,&quot;sticky_on&quot;:[&quot;desktop&quot;],&quot;sticky_offset&quot;:103,&quot;sticky_parent&quot;:&quot;yes&quot;,&quot;sticky_effects_offset&quot;:0,&quot;sticky_anchor_link_offset&quot;:0}\">\n\t\t\t\t<div class=\"elementor-element elementor-element-b3bffce elementor-widget elementor-widget-heading\" data-id=\"b3bffce\" data-element_type=\"widget\" data-widget_type=\"heading.default\">\n\t\t\t\t<div class=\"elementor-widget-container\">\n\t\t\t\t\t<div class=\"elementor-heading-title elementor-size-default\">\u041a\u043e\u043d\u0442\u0430\u043a\u0442\u0438<\/div>\t\t\t\t<\/div>\n\t\t\t\t<\/div>\n\t\t\t\t<div class=\"elementor-element elementor-element-fc599f2 elementor-widget-mobile__width-inherit elementor-widget elementor-widget-jet-listing-dynamic-link\" data-id=\"fc599f2\" data-element_type=\"widget\" data-widget_type=\"jet-listing-dynamic-link.default\">\n\t\t\t\t<div class=\"elementor-widget-container\">\n\t\t\t\t\t<a href=\"tel:+48 698 515 680\" class=\"jet-listing-dynamic-link__link\"><i class=\"jet-listing-dynamic-link__icon fas fa-phone-alt\" aria-hidden=\"true\"><\/i><span class=\"jet-listing-dynamic-link__label\">+48 698 515 680<\/span><\/a>\t\t\t\t<\/div>\n\t\t\t\t<\/div>\n\t\t<div class=\"elementor-element elementor-element-34f24ae e-flex e-con-boxed e-con e-child\" data-id=\"34f24ae\" data-element_type=\"container\" data-settings=\"{&quot;jet_parallax_layout_list&quot;:[]}\">\n\t\t\t\t\t<div class=\"e-con-inner\">\n\t\t\t\t<div class=\"elementor-element elementor-element-ebc6159 elementor-widget elementor-widget-jet-listing-dynamic-link\" data-id=\"ebc6159\" data-element_type=\"widget\" data-widget_type=\"jet-listing-dynamic-link.default\">\n\t\t\t\t<div class=\"elementor-widget-container\">\n\t\t\t\t\t<a href=\"https:\/\/wa.me\/+48698515680\" class=\"jet-listing-dynamic-link__link\" target=\"_blank\"><i class=\"jet-listing-dynamic-link__icon fab fa-whatsapp\" aria-hidden=\"true\"><\/i><\/a>\t\t\t\t<\/div>\n\t\t\t\t<\/div>\n\t\t\t\t<div class=\"elementor-element elementor-element-e80a166 elementor-widget elementor-widget-jet-listing-dynamic-link\" data-id=\"e80a166\" data-element_type=\"widget\" data-widget_type=\"jet-listing-dynamic-link.default\">\n\t\t\t\t<div class=\"elementor-widget-container\">\n\t\t\t\t\t<a href=\"https:\/\/m.me\/\/lexlegal.agency\" class=\"jet-listing-dynamic-link__link\" target=\"_blank\"><i class=\"jet-listing-dynamic-link__icon fab fa-facebook-messenger\" aria-hidden=\"true\"><\/i><\/a>\t\t\t\t<\/div>\n\t\t\t\t<\/div>\n\t\t\t\t<div class=\"elementor-element elementor-element-93a8df2 elementor-widget elementor-widget-jet-listing-dynamic-link\" data-id=\"93a8df2\" data-element_type=\"widget\" data-widget_type=\"jet-listing-dynamic-link.default\">\n\t\t\t\t<div class=\"elementor-widget-container\">\n\t\t\t\t\t<a href=\"viber:\/\/chat?number=%2B48698515680\" class=\"jet-listing-dynamic-link__link\" target=\"_blank\"><i class=\"jet-listing-dynamic-link__icon fab fa-viber\" aria-hidden=\"true\"><\/i><\/a>\t\t\t\t<\/div>\n\t\t\t\t<\/div>\n\t\t\t\t<div class=\"elementor-element elementor-element-681bba2 elementor-widget elementor-widget-jet-listing-dynamic-link\" data-id=\"681bba2\" data-element_type=\"widget\" data-widget_type=\"jet-listing-dynamic-link.default\">\n\t\t\t\t<div class=\"elementor-widget-container\">\n\t\t\t\t\t<a href=\"https:\/\/t.me\/+48698515680\" class=\"jet-listing-dynamic-link__link\" target=\"_blank\"><i class=\"jet-listing-dynamic-link__icon fab fa-telegram\" aria-hidden=\"true\"><\/i><\/a>\t\t\t\t<\/div>\n\t\t\t\t<\/div>\n\t\t\t\t\t<\/div>\n\t\t\t\t<\/div>\n\t\t\t\t<div class=\"elementor-element elementor-element-74a10d1 elementor-widget elementor-widget-jet-listing-dynamic-field\" data-id=\"74a10d1\" data-element_type=\"widget\" data-widget_type=\"jet-listing-dynamic-field.default\">\n\t\t\t\t<div class=\"elementor-widget-container\">\n\t\t\t\t\t<i class=\"jet-listing-dynamic-field__icon fas fa-map-marker-alt\" aria-hidden=\"true\"><\/i><div class=\"jet-listing-dynamic-field__content\">Rydygiera 14\/14, Wroc\u0142aw<\/div>\t\t\t\t<\/div>\n\t\t\t\t<\/div>\n\t\t\t\t<div class=\"elementor-element elementor-element-f6a19dd elementor-widget elementor-widget-jet-listing-dynamic-link\" data-id=\"f6a19dd\" data-element_type=\"widget\" data-widget_type=\"jet-listing-dynamic-link.default\">\n\t\t\t\t<div class=\"elementor-widget-container\">\n\t\t\t\t\t<a href=\"https:\/\/maps.app.goo.gl\/Khn9yUGeJA5Eohpn9\" class=\"jet-listing-dynamic-link__link\" target=\"_blank\">\u041f\u043e\u0431\u0443\u0434\u0443\u0432\u0430\u0442\u0438 \u043c\u0430\u0440\u0448\u0440\u0443\u0442<\/a>\t\t\t\t<\/div>\n\t\t\t\t<\/div>\n\t\t\t\t<div class=\"elementor-element elementor-element-e575eec elementor-widget elementor-widget-jet-listing-dynamic-link\" data-id=\"e575eec\" data-element_type=\"widget\" data-widget_type=\"jet-listing-dynamic-link.default\">\n\t\t\t\t<div class=\"elementor-widget-container\">\n\t\t\t\t\t<a href=\"mailto:lexlegalagency@gmail.com\" class=\"jet-listing-dynamic-link__link\" target=\"_blank\"><i class=\"jet-listing-dynamic-link__icon fas fa-envelope\" aria-hidden=\"true\"><\/i><span class=\"jet-listing-dynamic-link__label\">lexlegalagency@gmail.com<\/span><\/a>\t\t\t\t<\/div>\n\t\t\t\t<\/div>\n\t\t<div class=\"elementor-element elementor-element-6677aee e-flex e-con-boxed e-con e-child\" data-id=\"6677aee\" data-element_type=\"container\" data-settings=\"{&quot;jet_parallax_layout_list&quot;:[]}\">\n\t\t\t\t\t<div class=\"e-con-inner\">\n\t\t\t\t<div class=\"elementor-element elementor-element-98d3f03 elementor-widget elementor-widget-jet-listing-dynamic-link\" data-id=\"98d3f03\" data-element_type=\"widget\" data-widget_type=\"jet-listing-dynamic-link.default\">\n\t\t\t\t<div class=\"elementor-widget-container\">\n\t\t\t\t\t<a href=\"https:\/\/www.facebook.com\/lexlegal.agency\" class=\"jet-listing-dynamic-link__link\" target=\"_blank\"><i class=\"jet-listing-dynamic-link__icon fab fa-facebook\" aria-hidden=\"true\"><\/i><\/a>\t\t\t\t<\/div>\n\t\t\t\t<\/div>\n\t\t\t\t\t<\/div>\n\t\t\t\t<\/div>\n\t\t\t\t<\/div>\n\t\t\t\t<\/div>\n\t\t\t\t\t<\/div>\n\t\t\t\t<\/div>\n\t\t\t\t<\/div>\n\t\t","protected":false},"excerpt":{"rendered":"<p>\u0413\u043b\u044f\u0432\u043d\u0430\u044f Szanowni Pa\u0144stwo, Wysy\u0142aj\u0105c \u00a0dokumenty do wyceny lub t\u0142umaczenia wyra\u017caj\u0105 Pa\u0144stwo tym samym dobrowoln\u0105 zgod\u0119 na przetwarzanie danych zawartych w tej korespondencji przez firm\u0119 Leicht Group. Dane te b\u0119d\u0105 przetwarzane w celu dokonania wyceny us\u0142ug oraz wykonania t\u0142umaczenia, a tak\u017ce archiwizowane na potrzeby wynikaj\u0105ce z przepis\u00f3w prawno-skarbowych. Podstaw\u0105 przetwarzania danych w przypadku wyceny t\u0142umaczenia \u00a0jest [&hellip;]<\/p>\n","protected":false},"author":1,"featured_media":0,"parent":0,"menu_order":0,"comment_status":"closed","ping_status":"closed","template":"","meta":{"footnotes":""},"class_list":["post-1113","page","type-page","status-publish","hentry"],"yoast_head":"<!-- This site is optimized with the Yoast SEO Premium plugin v24.6 (Yoast SEO v25.1) - https:\/\/yoast.com\/wordpress\/plugins\/seo\/ -->\n<title>RODO - Lex Legal Agency Wroc\u0142aw<\/title>\n<meta name=\"description\" content=\"Doradztwo prawne i biznesowe w Polsce - Rydygiera 14\/14, Wroc\u0142aw - +48 698 515 680\" \/>\n<meta name=\"robots\" content=\"index, follow, max-snippet:-1, max-image-preview:large, max-video-preview:-1\" \/>\n<link rel=\"canonical\" href=\"https:\/\/lexlegal.agency\/ru\/rodo\/\" \/>\n<meta property=\"og:locale\" content=\"ru_RU\" \/>\n<meta property=\"og:type\" content=\"article\" \/>\n<meta property=\"og:title\" content=\"RODO\" \/>\n<meta property=\"og:description\" content=\"Doradztwo prawne i biznesowe w Polsce - Rydygiera 14\/14, Wroc\u0142aw - +48 698 515 680\" \/>\n<meta property=\"og:url\" content=\"https:\/\/lexlegal.agency\/ru\/rodo\/\" \/>\n<meta property=\"og:site_name\" content=\"Lex Legal Agency Wroc\u0142aw\" \/>\n<meta property=\"article:modified_time\" content=\"2024-10-19T09:16:26+00:00\" \/>\n<meta property=\"og:image\" content=\"https:\/\/lexlegal.agency\/wp-content\/uploads\/2024\/05\/Lex-Legal-Banner.png\" \/>\n\t<meta property=\"og:image:width\" content=\"1080\" \/>\n\t<meta property=\"og:image:height\" content=\"1080\" \/>\n\t<meta property=\"og:image:type\" content=\"image\/png\" \/>\n<meta name=\"twitter:card\" content=\"summary_large_image\" \/>\n<meta name=\"twitter:label1\" content=\"\u041f\u0440\u0438\u043c\u0435\u0440\u043d\u043e\u0435 \u0432\u0440\u0435\u043c\u044f \u0434\u043b\u044f \u0447\u0442\u0435\u043d\u0438\u044f\" \/>\n\t<meta name=\"twitter:data1\" content=\"1 \u043c\u0438\u043d\u0443\u0442\u0430\" \/>\n<script type=\"application\/ld+json\" class=\"yoast-schema-graph\">{\"@context\":\"https:\/\/schema.org\",\"@graph\":[{\"@type\":\"WebPage\",\"@id\":\"https:\/\/lexlegal.agency\/ru\/rodo\/\",\"url\":\"https:\/\/lexlegal.agency\/ru\/rodo\/\",\"name\":\"RODO - Lex Legal Agency Wroc\u0142aw\",\"isPartOf\":{\"@id\":\"https:\/\/lexlegal.agency\/ru\/#website\"},\"datePublished\":\"2024-10-19T09:13:34+00:00\",\"dateModified\":\"2024-10-19T09:16:26+00:00\",\"description\":\"Doradztwo prawne i biznesowe w Polsce - Rydygiera 14\/14, Wroc\u0142aw - +48 698 515 680\",\"breadcrumb\":{\"@id\":\"https:\/\/lexlegal.agency\/ru\/rodo\/#breadcrumb\"},\"inLanguage\":\"ru-RU\",\"potentialAction\":[{\"@type\":\"ReadAction\",\"target\":[\"https:\/\/lexlegal.agency\/ru\/rodo\/\"]}]},{\"@type\":\"BreadcrumbList\",\"@id\":\"https:\/\/lexlegal.agency\/ru\/rodo\/#breadcrumb\",\"itemListElement\":[{\"@type\":\"ListItem\",\"position\":1,\"name\":\"\u0413\u043b\u0430\u0432\u043d\u0430\u044f\",\"item\":\"https:\/\/lexlegal.agency\/ru\/\"},{\"@type\":\"ListItem\",\"position\":2,\"name\":\"RODO\"}]},{\"@type\":\"WebSite\",\"@id\":\"https:\/\/lexlegal.agency\/ru\/#website\",\"url\":\"https:\/\/lexlegal.agency\/ru\/\",\"name\":\"Lex Legal Agency Wroc\u0142aw\",\"description\":\"Doradztwo prawne i biznesowe w Polsce\",\"publisher\":{\"@id\":\"https:\/\/lexlegal.agency\/ru\/#organization\"},\"potentialAction\":[{\"@type\":\"SearchAction\",\"target\":{\"@type\":\"EntryPoint\",\"urlTemplate\":\"https:\/\/lexlegal.agency\/ru\/?s={search_term_string}\"},\"query-input\":{\"@type\":\"PropertyValueSpecification\",\"valueRequired\":true,\"valueName\":\"search_term_string\"}}],\"inLanguage\":\"ru-RU\"},{\"@type\":\"Organization\",\"@id\":\"https:\/\/lexlegal.agency\/ru\/#organization\",\"name\":\"Lex Legal Agency Wroc\u0142aw\",\"url\":\"https:\/\/lexlegal.agency\/ru\/\",\"logo\":{\"@type\":\"ImageObject\",\"inLanguage\":\"ru-RU\",\"@id\":\"https:\/\/lexlegal.agency\/ru\/#\/schema\/logo\/image\/\",\"url\":\"https:\/\/lexlegal.agency\/wp-content\/uploads\/2024\/05\/Leich-Group-Icon.png\",\"contentUrl\":\"https:\/\/lexlegal.agency\/wp-content\/uploads\/2024\/05\/Leich-Group-Icon.png\",\"width\":512,\"height\":512,\"caption\":\"Lex Legal Agency Wroc\u0142aw\"},\"image\":{\"@id\":\"https:\/\/lexlegal.agency\/ru\/#\/schema\/logo\/image\/\"}}]}<\/script>\n<!-- \/ Yoast SEO Premium plugin. -->","yoast_head_json":{"title":"RODO - Lex Legal Agency Wroc\u0142aw","description":"Doradztwo prawne i biznesowe w Polsce - Rydygiera 14\/14, Wroc\u0142aw - +48 698 515 680","robots":{"index":"index","follow":"follow","max-snippet":"max-snippet:-1","max-image-preview":"max-image-preview:large","max-video-preview":"max-video-preview:-1"},"canonical":"https:\/\/lexlegal.agency\/ru\/rodo\/","og_locale":"ru_RU","og_type":"article","og_title":"RODO","og_description":"Doradztwo prawne i biznesowe w Polsce - Rydygiera 14\/14, Wroc\u0142aw - +48 698 515 680","og_url":"https:\/\/lexlegal.agency\/ru\/rodo\/","og_site_name":"Lex Legal Agency Wroc\u0142aw","article_modified_time":"2024-10-19T09:16:26+00:00","og_image":[{"width":1080,"height":1080,"url":"https:\/\/lexlegal.agency\/wp-content\/uploads\/2024\/05\/Lex-Legal-Banner.png","type":"image\/png"}],"twitter_card":"summary_large_image","twitter_misc":{"\u041f\u0440\u0438\u043c\u0435\u0440\u043d\u043e\u0435 \u0432\u0440\u0435\u043c\u044f \u0434\u043b\u044f \u0447\u0442\u0435\u043d\u0438\u044f":"1 \u043c\u0438\u043d\u0443\u0442\u0430"},"schema":{"@context":"https:\/\/schema.org","@graph":[{"@type":"WebPage","@id":"https:\/\/lexlegal.agency\/ru\/rodo\/","url":"https:\/\/lexlegal.agency\/ru\/rodo\/","name":"RODO - Lex Legal Agency Wroc\u0142aw","isPartOf":{"@id":"https:\/\/lexlegal.agency\/ru\/#website"},"datePublished":"2024-10-19T09:13:34+00:00","dateModified":"2024-10-19T09:16:26+00:00","description":"Doradztwo prawne i biznesowe w Polsce - Rydygiera 14\/14, Wroc\u0142aw - +48 698 515 680","breadcrumb":{"@id":"https:\/\/lexlegal.agency\/ru\/rodo\/#breadcrumb"},"inLanguage":"ru-RU","potentialAction":[{"@type":"ReadAction","target":["https:\/\/lexlegal.agency\/ru\/rodo\/"]}]},{"@type":"BreadcrumbList","@id":"https:\/\/lexlegal.agency\/ru\/rodo\/#breadcrumb","itemListElement":[{"@type":"ListItem","position":1,"name":"\u0413\u043b\u0430\u0432\u043d\u0430\u044f","item":"https:\/\/lexlegal.agency\/ru\/"},{"@type":"ListItem","position":2,"name":"RODO"}]},{"@type":"WebSite","@id":"https:\/\/lexlegal.agency\/ru\/#website","url":"https:\/\/lexlegal.agency\/ru\/","name":"Lex Legal Agency Wroc\u0142aw","description":"Doradztwo prawne i biznesowe w Polsce","publisher":{"@id":"https:\/\/lexlegal.agency\/ru\/#organization"},"potentialAction":[{"@type":"SearchAction","target":{"@type":"EntryPoint","urlTemplate":"https:\/\/lexlegal.agency\/ru\/?s={search_term_string}"},"query-input":{"@type":"PropertyValueSpecification","valueRequired":true,"valueName":"search_term_string"}}],"inLanguage":"ru-RU"},{"@type":"Organization","@id":"https:\/\/lexlegal.agency\/ru\/#organization","name":"Lex Legal Agency Wroc\u0142aw","url":"https:\/\/lexlegal.agency\/ru\/","logo":{"@type":"ImageObject","inLanguage":"ru-RU","@id":"https:\/\/lexlegal.agency\/ru\/#\/schema\/logo\/image\/","url":"https:\/\/lexlegal.agency\/wp-content\/uploads\/2024\/05\/Leich-Group-Icon.png","contentUrl":"https:\/\/lexlegal.agency\/wp-content\/uploads\/2024\/05\/Leich-Group-Icon.png","width":512,"height":512,"caption":"Lex Legal Agency Wroc\u0142aw"},"image":{"@id":"https:\/\/lexlegal.agency\/ru\/#\/schema\/logo\/image\/"}}]}},"_links":{"self":[{"href":"https:\/\/lexlegal.agency\/ru\/wp-json\/wp\/v2\/pages\/1113","targetHints":{"allow":["GET"]}}],"collection":[{"href":"https:\/\/lexlegal.agency\/ru\/wp-json\/wp\/v2\/pages"}],"about":[{"href":"https:\/\/lexlegal.agency\/ru\/wp-json\/wp\/v2\/types\/page"}],"author":[{"embeddable":true,"href":"https:\/\/lexlegal.agency\/ru\/wp-json\/wp\/v2\/users\/1"}],"replies":[{"embeddable":true,"href":"https:\/\/lexlegal.agency\/ru\/wp-json\/wp\/v2\/comments?post=1113"}],"version-history":[{"count":0,"href":"https:\/\/lexlegal.agency\/ru\/wp-json\/wp\/v2\/pages\/1113\/revisions"}],"wp:attachment":[{"href":"https:\/\/lexlegal.agency\/ru\/wp-json\/wp\/v2\/media?parent=1113"}],"curies":[{"name":"wp","href":"https:\/\/api.w.org\/{rel}","templated":true}]}}